{"id":2,"date":"2024-09-26T13:55:36","date_gmt":"2024-09-26T13:55:36","guid":{"rendered":"https:\/\/site.afvilasboas.pt\/?page_id=2"},"modified":"2026-04-08T10:28:16","modified_gmt":"2026-04-08T10:28:16","slug":"home","status":"publish","type":"page","link":"https:\/\/portal360.afvilasboas.pt\/","title":{"rendered":"Home"},"content":{"rendered":"\n<div class=\"wp-block-stackable-columns alignfull stk-block-columns stk-block stk-242acad stk-block-background stk--has-background-overlay\" data-block-id=\"242acad\"><style>.stk-242acad {background-color:#424267 !important;background-image:url(https:\/\/portal360.afvilasboas.pt\/wp-content\/uploads\/2025\/03\/portal_capa_2025_central.png) !important;padding-top:80px !important;padding-bottom:80px !important;margin-bottom:0px !important;}.stk-242acad:before{background-color:#424267 !important;opacity:0.5 !important;}.stk-242acad > .stk-separator__top .stk-separator__wrapper{transform:scaleX(1) !important;}.stk-242acad-column{--stk-column-gap:35px !important;}@media screen and (max-width: 1023px){.stk-242acad {padding-top:250px !important;padding-bottom:150px !important;}}@media screen and (max-width: 767px){.stk-242acad {padding-top:150px !important;padding-bottom:100px !important;}}<\/style><div class=\"stk-row stk-inner-blocks stk-block-content stk-content-align stk-242acad-column\">\n<div class=\"wp-block-stackable-column stk-block-column stk-column stk-block stk-656155e\" data-v=\"4\" data-block-id=\"656155e\"><style>.stk-656155e-container{margin-top:0px !important;margin-right:0px !important;margin-bottom:0px !important;margin-left:0px !important;}@media screen and (min-width: 768px){.stk-656155e {flex:var(--stk-flex-grow, 1) 1 calc(77.4% - var(--stk-column-gap, 0px) * 1 \/ 2 ) !important;}}@media screen and (min-width: 768px) and (max-width: 1023px){.stk-656155e {flex:var(--stk-flex-grow, 1) 1 calc(100% - var(--stk-column-gap, 0px) * 0 \/ 1 ) !important;}}<\/style><div class=\"stk-column-wrapper stk-block-column__content stk-container stk-656155e-container stk--no-background stk--no-padding\"><div class=\"has-text-align-left has-text-align-center-tablet stk-block-content stk-inner-blocks stk-656155e-inner-blocks\">\n<div class=\"wp-block-group has-global-padding is-layout-constrained wp-block-group-is-layout-constrained\"><\/div>\n\n\n\n<div class=\"wp-block-stackable-spacer stk-block-spacer stk--no-padding stk-block stk-207f377\" data-block-id=\"207f377\"><style>.stk-207f377 {height:110px !important;}<\/style><\/div>\n\n\n\n<div class=\"wp-block-stackable-columns stk-block-columns stk-block stk-8d87f89\" data-block-id=\"8d87f89\"><div class=\"stk-row stk-inner-blocks stk-block-content stk-content-align stk-8d87f89-column\">\n<div class=\"wp-block-stackable-column stk-block-column stk-column stk-block stk-2525146\" data-v=\"4\" data-block-id=\"2525146\"><div class=\"stk-column-wrapper stk-block-column__content stk-container stk-2525146-container stk--no-background stk--no-padding\"><div class=\"stk-block-content stk-inner-blocks stk-2525146-inner-blocks\">\n<div class=\"wp-block-stackable-image stk-block-image has-text-align-left has-text-align-left-tablet stk-block stk-fbc95fb\" data-block-id=\"fbc95fb\"><style>.stk-fbc95fb .stk-img-wrapper{width:70% !important;}@media screen and (max-width: 767px){.stk-fbc95fb .stk-img-wrapper{width:80% !important;}}<\/style><figure><span class=\"stk-img-wrapper stk-image--shape-stretch\"><img fetchpriority=\"high\" decoding=\"async\" class=\"stk-img wp-image-53742\" src=\"https:\/\/portal360.afvilasboas.pt\/wp-content\/uploads\/2026\/03\/portal360_laranja.png\" width=\"851\" height=\"240\" srcset=\"https:\/\/portal360.afvilasboas.pt\/wp-content\/uploads\/2026\/03\/portal360_laranja.png 851w, https:\/\/portal360.afvilasboas.pt\/wp-content\/uploads\/2026\/03\/portal360_laranja-300x85.png 300w, https:\/\/portal360.afvilasboas.pt\/wp-content\/uploads\/2026\/03\/portal360_laranja-768x217.png 768w\" sizes=\"(max-width: 851px) 100vw, 851px\" \/><\/span><\/figure><\/div>\n<\/div><\/div><\/div>\n<\/div><\/div>\n<\/div><\/div><\/div>\n\n\n\n<div class=\"wp-block-stackable-column stk-block-column stk-column stk-block stk-df3537e\" data-v=\"4\" data-block-id=\"df3537e\"><style>.stk-df3537e-container{margin-top:0px !important;margin-right:0px !important;margin-bottom:0px !important;margin-left:0px !important;}@media screen and (min-width: 768px){.stk-df3537e {flex:var(--stk-flex-grow, 1) 1 calc(22.599999999999994% - var(--stk-column-gap, 0px) * 1 \/ 2 ) !important;}}@media screen and (min-width: 768px) and (max-width: 1023px){.stk-df3537e {flex:var(--stk-flex-grow, 1) 1 calc(100% - var(--stk-column-gap, 0px) * 0 \/ 1 ) !important;}}<\/style><div class=\"stk-column-wrapper stk-block-column__content stk-container stk-df3537e-container stk--no-background stk--no-padding\"><div class=\"stk-block-content stk-inner-blocks stk-df3537e-inner-blocks\"><\/div><\/div><\/div>\n<\/div><\/div>\n\n\n\n<div class=\"wp-block-stackable-spacer stk-block-spacer stk--no-padding stk-block stk-b2c1613\" data-block-id=\"b2c1613\"><style>.stk-b2c1613 {height:50px !important;}@media screen and (max-width: 1023px){.stk-b2c1613 {height:70px !important;}}<\/style><\/div>\n\n\n\n<div class=\"wp-block-stackable-columns stk-block-columns stk-block stk-1c87339\" data-block-id=\"1c87339\"><style>.stk-1c87339 {margin-bottom:35px !important;}<\/style><div class=\"stk-row stk-inner-blocks stk-block-content stk-content-align stk-1c87339-column\">\n<div class=\"wp-block-stackable-column stk-block-column stk-column stk-block stk-bd6b850\" data-v=\"4\" data-block-id=\"bd6b850\"><style>@media screen and (min-width: 768px){.stk-bd6b850 {flex:var(--stk-flex-grow, 1) 1 calc(13.9% - var(--stk-column-gap, 0px) * 2 \/ 3 ) !important;}}@media screen and (max-width: 767px){.stk-bd6b850-container{margin-top:0px !important;margin-right:0px !important;margin-bottom:0px !important;margin-left:0px !important;}.stk-bd6b850 {flex:var(--stk-flex-grow, 1) 1 calc(100% - var(--stk-column-gap, 0px) * 0 \/ 1 ) !important;}}<\/style><div class=\"stk-column-wrapper stk-block-column__content stk-container stk-bd6b850-container stk--no-background stk--no-padding\"><div class=\"stk-block-content stk-inner-blocks stk-bd6b850-inner-blocks\"><\/div><\/div><\/div>\n\n\n\n<div class=\"wp-block-stackable-column stk-block-column stk-column stk-block stk-3b3a7bf\" data-v=\"4\" data-block-id=\"3b3a7bf\"><style>.stk-3b3a7bf-container{margin-top:0px !important;margin-right:auto !important;margin-bottom:0px !important;margin-left:auto !important;max-width:100% !important;min-width:auto !important;}@media screen and (min-width: 768px){.stk-3b3a7bf {flex:var(--stk-flex-grow, 1) 1 calc(72.1% - var(--stk-column-gap, 0px) * 2 \/ 3 ) !important;}}@media screen and (max-width: 767px){.stk-3b3a7bf {flex:var(--stk-flex-grow, 1) 1 calc(100% - var(--stk-column-gap, 0px) * 0 \/ 1 ) !important;}.stk-3b3a7bf-container{max-width:100% !important;min-width:auto !important;}}<\/style><div class=\"stk-column-wrapper stk-block-column__content stk-container stk-3b3a7bf-container stk--no-background stk--no-padding\"><div class=\"stk-block-content stk-inner-blocks stk-3b3a7bf-inner-blocks\">\n<div class=\"wp-block-stackable-heading stk-block-heading stk-block-heading--v2 stk-block stk-832373a\" id=\"portal-de-denuuncias-denuncia\" data-block-id=\"832373a\"><style>.stk-832373a {margin-bottom:32px !important;}.stk-832373a .stk-block-heading__text{font-size:45px !important;line-height:1.3em !important;font-weight:800 !important;}@media screen and (max-width: 1023px){.stk-832373a .stk-block-heading__text{font-size:25px !important;}}<\/style><h2 class=\"stk-block-heading__text has-text-align-center\">Bem-Vindo!<\/h2><\/div>\n\n\n\n<p class=\"has-text-align-left\">O Portal 360 \u00e9 um espa\u00e7o dedicado aos nossos funcion\u00e1rios, onde poder\u00e3o aceder a recursos essenciais para o seu dia-a-dia de trabalho na AF.<\/p>\n\n\n\n<p class=\"has-text-align-left\">Para garantir a seguran\u00e7a e a confidencialidade das informa\u00e7\u00f5es, o acesso a este portal \u00e9 <strong>restrito<\/strong>. Para entrar, basta realizar o seu <strong>REGISTO<\/strong>, criando um <strong>login <\/strong>e uma <strong>password <\/strong>pessoais. Ap\u00f3s o registo, poder\u00e1 aceder a todo o conte\u00fado dispon\u00edvel de forma segura e personalizada.<\/p>\n\n\n\n<p class=\"has-text-align-left\">Se j\u00e1 possui uma conta, clique em <strong>ENTRAR <\/strong>e fa\u00e7a o seu <strong>login<\/strong>. Caso ainda n\u00e3o tenha conta, <strong>registe-se<\/strong> agora para criar o seu acesso.<\/p>\n\n\n\n<p class=\"has-text-align-left\">Se precisar de ajuda ou tiver qualquer d\u00favida, entre em contacto com o Departamento da Qualidade da empresa.<\/p>\n\n\n\n<p class=\"has-text-align-left\">Obrigado!<\/p>\n<\/div><\/div><\/div>\n\n\n\n<div class=\"wp-block-stackable-column stk-block-column stk-column stk-block stk-51ad439\" data-v=\"4\" data-block-id=\"51ad439\"><style>@media screen and (min-width: 768px){.stk-51ad439 {flex:var(--stk-flex-grow, 1) 1 calc(14% - var(--stk-column-gap, 0px) * 2 \/ 3 ) !important;}}@media screen and (max-width: 767px){.stk-51ad439 {flex:var(--stk-flex-grow, 1) 1 calc(100% - var(--stk-column-gap, 0px) * 0 \/ 1 ) !important;}}<\/style><div class=\"stk-column-wrapper stk-block-column__content stk-container stk-51ad439-container stk--no-background stk--no-padding\"><div class=\"stk-block-content stk-inner-blocks stk-51ad439-inner-blocks\"><\/div><\/div><\/div>\n<\/div><\/div>\n\n\n\n<div class=\"wp-block-stackable-spacer stk-block-spacer stk--no-padding stk-block stk-6bd47ca\" data-block-id=\"6bd47ca\"><style>.stk-6bd47ca {height:50px !important;}@media screen and (max-width: 1023px){.stk-6bd47ca {height:70px !important;}}<\/style><\/div>\n\n\n\n<div class=\"wp-block-buttons is-content-justification-center is-layout-flex wp-container-core-buttons-is-layout-a89b3969 wp-block-buttons-is-layout-flex\">\n<div class=\"wp-block-button\"><a class=\"wp-block-button__link has-background wp-element-button\" href=\"https:\/\/portal360.afvilasboas.pt\/index.php\/portal\/\" style=\"background-color:#aa992b\">ENTRAR<\/a><\/div>\n<\/div>\n\n\n\n<div class=\"wp-block-stackable-spacer stk-block-spacer stk--no-padding stk-block stk-9f7d701\" data-block-id=\"9f7d701\"><style>.stk-9f7d701 {height:10px !important;}<\/style><\/div>\n\n\n\n<div class=\"wp-block-stackable-spacer stk-block-spacer stk--no-padding stk-block stk-52ad827\" data-block-id=\"52ad827\"><style>.stk-52ad827 {height:10px !important;}<\/style><\/div>\n","protected":false},"excerpt":{"rendered":"<p>Bem-Vindo! O Portal 360 \u00e9 um espa\u00e7o dedicado aos nossos funcion\u00e1rios, onde poder\u00e3o aceder a recursos essenciais para o seu dia-a-dia de trabalho na AF. Para garantir a seguran\u00e7a e a confidencialidade das informa\u00e7\u00f5es, o acesso a este portal \u00e9 restrito. Para entrar, basta realizar o seu REGISTO, criando um login e uma password pessoais.<a href=\"https:\/\/portal360.afvilasboas.pt\/\" class=\"more-link\"><span class=\"screen-reader-text\">Home<\/span><\/a><\/p>\n","protected":false},"author":1,"featured_media":0,"parent":0,"menu_order":0,"comment_status":"closed","ping_status":"closed","template":"","meta":{"footnotes":""},"class_list":["post-2","page","type-page","status-publish","hentry"],"_links":{"self":[{"href":"https:\/\/portal360.afvilasboas.pt\/index.php\/wp-json\/wp\/v2\/pages\/2","targetHints":{"allow":["GET"]}}],"collection":[{"href":"https:\/\/portal360.afvilasboas.pt\/index.php\/wp-json\/wp\/v2\/pages"}],"about":[{"href":"https:\/\/portal360.afvilasboas.pt\/index.php\/wp-json\/wp\/v2\/types\/page"}],"author":[{"embeddable":true,"href":"https:\/\/portal360.afvilasboas.pt\/index.php\/wp-json\/wp\/v2\/users\/1"}],"replies":[{"embeddable":true,"href":"https:\/\/portal360.afvilasboas.pt\/index.php\/wp-json\/wp\/v2\/comments?post=2"}],"version-history":[{"count":136,"href":"https:\/\/portal360.afvilasboas.pt\/index.php\/wp-json\/wp\/v2\/pages\/2\/revisions"}],"predecessor-version":[{"id":53795,"href":"https:\/\/portal360.afvilasboas.pt\/index.php\/wp-json\/wp\/v2\/pages\/2\/revisions\/53795"}],"wp:attachment":[{"href":"https:\/\/portal360.afvilasboas.pt\/index.php\/wp-json\/wp\/v2\/media?parent=2"}],"curies":[{"name":"wp","href":"https:\/\/api.w.org\/{rel}","templated":true}]}}